{"id":170,"date":"2024-03-09T21:07:52","date_gmt":"2024-03-09T21:07:52","guid":{"rendered":"http:\/\/colegiorubendario.cl\/?page_id=170"},"modified":"2026-03-11T11:41:31","modified_gmt":"2026-03-11T15:41:31","slug":"nosotros","status":"publish","type":"page","link":"https:\/\/colegiorubendario.cl\/index.php\/nosotros\/","title":{"rendered":"Nosotros"},"content":{"rendered":"\t\t<div data-elementor-type=\"wp-page\" data-elementor-id=\"170\" class=\"elementor elementor-170\" data-elementor-post-type=\"page\">\n\t\t\t\t<div class=\"elementor-element elementor-element-fa54354 e-flex e-con-boxed e-con e-parent\" data-id=\"fa54354\" data-element_type=\"container\" data-settings=\"{&quot;background_background&quot;:&quot;classic&quot;}\">\n\t\t\t\t\t<div class=\"e-con-inner\">\n\t\t\t\t\t<\/div>\n\t\t\t\t<\/div>\n\t\t<div class=\"elementor-element elementor-element-936f3c0 e-flex e-con-boxed e-con e-parent\" data-id=\"936f3c0\" data-element_type=\"container\">\n\t\t\t\t\t<div class=\"e-con-inner\">\n\t\t\t\t<div class=\"elementor-element elementor-element-9b1155a elementor-widget elementor-widget-spacer\" data-id=\"9b1155a\" data-element_type=\"widget\" data-widget_type=\"spacer.default\">\n\t\t\t\t<div class=\"elementor-widget-container\">\n\t\t\t\t\t\t\t<div class=\"elementor-spacer\">\n\t\t\t<div class=\"elementor-spacer-inner\"><\/div>\n\t\t<\/div>\n\t\t\t\t\t\t<\/div>\n\t\t\t\t<\/div>\n\t\t\t\t\t<\/div>\n\t\t\t\t<\/div>\n\t\t<div class=\"elementor-element elementor-element-1adc2ba e-flex e-con-boxed e-con e-parent\" data-id=\"1adc2ba\" data-element_type=\"container\">\n\t\t\t\t\t<div class=\"e-con-inner\">\n\t\t\t\t<div class=\"elementor-element elementor-element-7c7b2a3 elementor-widget elementor-widget-image\" data-id=\"7c7b2a3\" data-element_type=\"widget\" data-widget_type=\"image.default\">\n\t\t\t\t<div class=\"elementor-widget-container\">\n\t\t\t\t\t\t\t\t\t\t\t\t\t\t\t<img fetchpriority=\"high\" decoding=\"async\" width=\"800\" height=\"450\" src=\"https:\/\/colegiorubendario.cl\/wp-content\/uploads\/2024\/04\/portadanoticias-1024x576.jpg\" class=\"attachment-large size-large wp-image-1301\" alt=\"\" srcset=\"https:\/\/colegiorubendario.cl\/wp-content\/uploads\/2024\/04\/portadanoticias-1024x576.jpg 1024w, https:\/\/colegiorubendario.cl\/wp-content\/uploads\/2024\/04\/portadanoticias-300x169.jpg 300w, https:\/\/colegiorubendario.cl\/wp-content\/uploads\/2024\/04\/portadanoticias-768x432.jpg 768w, https:\/\/colegiorubendario.cl\/wp-content\/uploads\/2024\/04\/portadanoticias-1536x864.jpg 1536w, https:\/\/colegiorubendario.cl\/wp-content\/uploads\/2024\/04\/portadanoticias.jpg 1920w\" sizes=\"(max-width: 800px) 100vw, 800px\" \/>\t\t\t\t\t\t\t\t\t\t\t\t\t\t\t<\/div>\n\t\t\t\t<\/div>\n\t\t\t\t\t<\/div>\n\t\t\t\t<\/div>\n\t\t<div class=\"elementor-element elementor-element-f7ef05f e-flex e-con-boxed e-con e-parent\" data-id=\"f7ef05f\" data-element_type=\"container\">\n\t\t\t\t\t<div class=\"e-con-inner\">\n\t\t\t\t<div class=\"elementor-element elementor-element-8910006 elementor-vertical-align-top elementor-vertical-align-top elementor-widget elementor-widget-image-box\" data-id=\"8910006\" data-element_type=\"widget\" data-widget_type=\"image-box.default\">\n\t\t\t\t<div class=\"elementor-widget-container\">\n\t\t\t\t\t<div class=\"elementor-image-box-wrapper\"><div class=\"elementor-image-box-content\"><h3 class=\"elementor-image-box-title\">Nosotros<\/h3><p class=\"elementor-image-box-description\">Nuestro colegio fue fundado en el a\u00f1o 1980, los fundadores(as) hab\u00edamos trabajado desde 1976, en una actividad recreativa con hijos, hijas de detenidos(as) desaparecidos(as). Nuestro objetivo era abrir un espacio de libertad, de afectividad , de protecci\u00f3n.\n\nLos objetivos planteados en esa \u00e9poca siguen muy vigentes en nuestro trabajo de hoy. Hemos ido construyendo una comunidad educativa que se respeta y cuida. Nos interesa que todos los puntos de vista sean escuchados, intercambiarlos y llevar a la pr\u00e1ctica una forma de trabajo colectivo. Mantenemos un equilibrio en todas las materias, estamos reconocidos por el Ministerio de Educaci\u00f3n, cumplimos con planes y programas. Hemos ido creando una educaci\u00f3n considerada con nuestros alumnos(as), que responda a sus intereses, practicamos la \u201cEducaci\u00f3n para la vida\u201d, planteada por el educador Celest\u00ednFreinet.\n\nLa comunidad educativa es de 350 alumnas(os), con 26 ni\u00f1as(os) por clase y un solo curso por nivel. Comenzamos con Transici\u00f3n menor, 4 a\u00f1os, y terminamos con 4to Medio.\n\nEstamos ubicados desde 1980, en Paula Jaraquema 151, La Reina, a dos cuadras del Metro Plaza Ega\u00f1a. Tenemos un espacio amable, que est\u00e1 al servicio del aprendizaje, de la convivencia pac\u00edfica y del disfrutar la educaci\u00f3n.<\/p><\/div><\/div>\t\t\t\t<\/div>\n\t\t\t\t<\/div>\n\t\t\t\t<div class=\"elementor-element elementor-element-498f8ed elementor-widget-divider--separator-type-pattern elementor-widget-divider--no-spacing elementor-widget-divider--view-line elementor-widget elementor-widget-divider\" data-id=\"498f8ed\" data-element_type=\"widget\" data-widget_type=\"divider.default\">\n\t\t\t\t<div class=\"elementor-widget-container\">\n\t\t\t\t\t\t\t<div class=\"elementor-divider\" style=\"--divider-pattern-url: url(&quot;data:image\/svg+xml,%3Csvg xmlns=&#039;http:\/\/www.w3.org\/2000\/svg&#039; preserveAspectRatio=&#039;xMidYMid meet&#039; overflow=&#039;visible&#039; height=&#039;100%&#039; viewBox=&#039;0 0 126 26&#039; fill=&#039;black&#039; stroke=&#039;none&#039;%3E%3Cpath d=&#039;M3,10.2c2.6,0,2.6,2,2.6,3.2S4.4,16.5,3,16.5s-3-1.4-3-3.2S0.4,10.2,3,10.2z M18.8,10.2c1.7,0,3.2,1.4,3.2,3.2s-1.4,3.2-3.2,3.2c-1.7,0-3.2-1.4-3.2-3.2S17,10.2,18.8,10.2z M34.6,10.2c1.5,0,2.6,1.4,2.6,3.2s-0.5,3.2-1.9,3.2c-1.5,0-3.4-1.4-3.4-3.2S33.1,10.2,34.6,10.2z M50.5,10.2c1.7,0,3.2,1.4,3.2,3.2s-1.4,3.2-3.2,3.2c-1.7,0-3.3-0.9-3.3-2.6S48.7,10.2,50.5,10.2z M66.2,10.2c1.5,0,3.4,1.4,3.4,3.2s-1.9,3.2-3.4,3.2c-1.5,0-2.6-0.4-2.6-2.1S64.8,10.2,66.2,10.2z M82.2,10.2c1.7,0.8,2.6,1.4,2.6,3.2s-0.1,3.2-1.6,3.2c-1.5,0-3.7-1.4-3.7-3.2S80.5,9.4,82.2,10.2zM98.6,10.2c1.5,0,2.6,0.4,2.6,2.1s-1.2,4.2-2.6,4.2c-1.5,0-3.7-0.4-3.7-2.1S97.1,10.2,98.6,10.2z M113.4,10.2c1.2,0,2.2,0.9,2.2,3.2s-0.1,3.2-1.3,3.2s-3.1-1.4-3.1-3.2S112.2,10.2,113.4,10.2z&#039;\/%3E%3C\/svg%3E&quot;);\">\n\t\t\t<span class=\"elementor-divider-separator\">\n\t\t\t\t\t\t<\/span>\n\t\t<\/div>\n\t\t\t\t\t\t<\/div>\n\t\t\t\t<\/div>\n\t\t\t\t<div class=\"elementor-element elementor-element-9673f8c elementor-widget elementor-widget-heading\" data-id=\"9673f8c\" data-element_type=\"widget\" data-widget_type=\"heading.default\">\n\t\t\t\t<div class=\"elementor-widget-container\">\n\t\t\t\t\t<h2 class=\"elementor-heading-title elementor-size-default\">Proyecto Educativo Rub\u00e9n Dar\u00edo<\/h2>\t\t\t\t<\/div>\n\t\t\t\t<\/div>\n\t\t\t\t\t<\/div>\n\t\t\t\t<\/div>\n\t\t<div class=\"elementor-element elementor-element-4ddebc8 e-flex e-con-boxed e-con e-parent\" data-id=\"4ddebc8\" data-element_type=\"container\">\n\t\t\t\t\t<div class=\"e-con-inner\">\n\t\t\t\t<div class=\"elementor-element elementor-element-9ba1099 elementor-widget elementor-widget-heading\" data-id=\"9ba1099\" data-element_type=\"widget\" data-widget_type=\"heading.default\">\n\t\t\t\t<div class=\"elementor-widget-container\">\n\t\t\t\t\t<h2 class=\"elementor-heading-title elementor-size-default\">Patricia Escribar Lagos - Directora<\/h2>\t\t\t\t<\/div>\n\t\t\t\t<\/div>\n\t\t\t\t\t<\/div>\n\t\t\t\t<\/div>\n\t\t<div class=\"elementor-element elementor-element-ae35547 e-flex e-con-boxed e-con e-parent\" data-id=\"ae35547\" data-element_type=\"container\">\n\t\t\t\t\t<div class=\"e-con-inner\">\n\t\t<div class=\"elementor-element elementor-element-4ec2801 e-con-full e-flex e-con e-child\" data-id=\"4ec2801\" data-element_type=\"container\">\n\t\t\t\t<div class=\"elementor-element elementor-element-e453998 elementor-widget elementor-widget-text-editor\" data-id=\"e453998\" data-element_type=\"widget\" data-widget_type=\"text-editor.default\">\n\t\t\t\t<div class=\"elementor-widget-container\">\n\t\t\t\t\t\t\t\t\t<p>El grupo fundador del colegio, integrado por m\u00e9dicos, psic\u00f3logos, empresarios, ingenieros, estudiantes y en su mayor\u00eda profesores, hab\u00edan participado por espacio de 4 a\u00f1os, en una actividad recreativa con hijos de detenidos desaparecidos, a partir del a\u00f1o 1976.<\/p><p>Durante ese tiempo mientras se organizaban las actividades semana a semana, surgi\u00f3 la idea de crear un colegio no autoritario. Comenzamos a compartir las experiencias escolares de cada uno y a comprobar el da\u00f1o causado, surgieron los sue\u00f1os de querer crear otra forma de educaci\u00f3n y comenzaron las b\u00fasquedas sobre autores que plantearan una educaci\u00f3n democr\u00e1tica, una educaci\u00f3n abierta.<\/p><p>As\u00ed nuestros principales inspiradores fueron <b>Paulo Freire, Mario Lodi, Celestin Freinet, Neill , W Reich, Macarenko, E.<\/b> Fromm, entre muchos. Considerando que parte importante del desarrollo de las personas transcurre en el \u00e1mbito escolar o en relaci\u00f3n a \u00e9l, nos pareci\u00f3 necesario reflexionar sobre materias tales como :<\/p><p>&#8211; En qu\u00e9 medida la experiencia escolar nos prepara para enfrentar las dificultades centrales de la vida.<\/p><p>&#8211; En qu\u00e9 medida el contexto escolar permite el desarrollo de iniciativas, capacidades y en qu\u00e9 medida lo coarta.<\/p>\t\t\t\t\t\t\t\t<\/div>\n\t\t\t\t<\/div>\n\t\t\t\t<\/div>\n\t\t<div class=\"elementor-element elementor-element-6691256 e-con-full e-flex e-con e-child\" data-id=\"6691256\" data-element_type=\"container\">\n\t\t\t\t<div class=\"elementor-element elementor-element-4f83983 elementor-widget elementor-widget-text-editor\" data-id=\"4f83983\" data-element_type=\"widget\" data-widget_type=\"text-editor.default\">\n\t\t\t\t<div class=\"elementor-widget-container\">\n\t\t\t\t\t\t\t\t\t<p>&#8211; Cu\u00e1ntos alumnos estudian con real inter\u00e9s y agrado, cu\u00e1ntos memorizan o copian para obtener una nota o evitar un castigo. <br \/>&#8211; En qu\u00e9 medida la experiencia escolar nos permite valorar la importancia del quehacer pedag\u00f3gico.<\/p><p>La respuesta a todas estas interrogantes nos llev\u00f3 a recordar un tipo de experiencia escolar com\u00fan, cuyas caracter\u00edsticas corresponden a una educaci\u00f3n bancaria, como dir\u00eda Freire,\u201d una concepci\u00f3n<\/p>\t\t\t\t\t\t\t\t<\/div>\n\t\t\t\t<\/div>\n\t\t\t\t<div class=\"elementor-element elementor-element-1c0a1bc elementor-widget elementor-widget-image\" data-id=\"1c0a1bc\" data-element_type=\"widget\" data-widget_type=\"image.default\">\n\t\t\t\t<div class=\"elementor-widget-container\">\n\t\t\t\t\t\t\t\t\t\t\t\t\t\t\t<img decoding=\"async\" width=\"800\" height=\"450\" src=\"https:\/\/colegiorubendario.cl\/wp-content\/uploads\/2024\/04\/primerdiaclases2024-1024x576.jpg\" class=\"attachment-large size-large wp-image-1289\" alt=\"\" srcset=\"https:\/\/colegiorubendario.cl\/wp-content\/uploads\/2024\/04\/primerdiaclases2024-1024x576.jpg 1024w, https:\/\/colegiorubendario.cl\/wp-content\/uploads\/2024\/04\/primerdiaclases2024-300x169.jpg 300w, https:\/\/colegiorubendario.cl\/wp-content\/uploads\/2024\/04\/primerdiaclases2024-768x432.jpg 768w, https:\/\/colegiorubendario.cl\/wp-content\/uploads\/2024\/04\/primerdiaclases2024-1536x864.jpg 1536w, https:\/\/colegiorubendario.cl\/wp-content\/uploads\/2024\/04\/primerdiaclases2024.jpg 1920w\" sizes=\"(max-width: 800px) 100vw, 800px\" \/>\t\t\t\t\t\t\t\t\t\t\t\t\t\t\t<\/div>\n\t\t\t\t<\/div>\n\t\t\t\t<\/div>\n\t\t<div class=\"elementor-element elementor-element-7436097 e-con-full e-flex e-con e-child\" data-id=\"7436097\" data-element_type=\"container\">\n\t\t\t\t<div class=\"elementor-element elementor-element-365157d elementor-widget elementor-widget-text-editor\" data-id=\"365157d\" data-element_type=\"widget\" data-widget_type=\"text-editor.default\">\n\t\t\t\t<div class=\"elementor-widget-container\">\n\t\t\t\t\t\t\t\t\t<p>en donde se hace del proceso educativo un acto permanente de depositar contenidos, que no supera la contradicci\u00f3n educando- educador y, al contrario, al <span style=\"color: var( --e-global-color-text ); font-family: var( --e-global-typography-text-font-family ), Sans-serif; font-weight: var( --e-global-typography-text-font-weight ); font-size: 1rem;\">enfatizarla, no puede servir sino a la domesticaci\u00f3n del hombre como un \u201cente pasivo\u201d.<\/span><\/p><p>Este tipo de educaci\u00f3n crea personas competitivas, autoritarias, individualistas, acr\u00edticas respecto de si mismas y de la realidad en que est\u00e1n insertas, educadas para negar las contradicciones y , por lo tanto, con gran dificultad para superarlas.<\/p><p>El tomar conciencia de esta realidad es lo que motiv\u00f3 a buscar alternativas educacionales y es as\u00ed como se va construyendo el proyecto educativo del Colegio Rub\u00e9n Dar\u00edo, por la necesidad de contar con un espacio que permitiera la pr\u00e1ctica diaria de esa b\u00fasqueda, concibiendo el colegio como un taller de desarrollo en el que todos se educaran juntos, como una experiencia piloto de b\u00fasqueda de desarrollo de relaciones no autoritarias, solidarias y cr\u00edticas, al interior de una situaci\u00f3n general autoritaria.<\/p><p>Mediante la realizaci\u00f3n de estudios, charlas, discusiones, exhibici\u00f3n de pel\u00edculas, clases experimentales, se reflexion\u00f3 sobre el tipo de educaci\u00f3n que nosotros quer\u00edamos practicar.<\/p>\t\t\t\t\t\t\t\t<\/div>\n\t\t\t\t<\/div>\n\t\t\t\t<div class=\"elementor-element elementor-element-ca77b76 elementor-align-center elementor-widget elementor-widget-button\" data-id=\"ca77b76\" data-element_type=\"widget\" data-widget_type=\"button.default\">\n\t\t\t\t<div class=\"elementor-widget-container\">\n\t\t\t\t\t\t\t\t\t<div class=\"elementor-button-wrapper\">\n\t\t\t\t\t<a class=\"elementor-button elementor-button-link elementor-size-xs\" href=\"http:\/\/colegiorubendario.cl\/wp-content\/uploads\/2024\/05\/proyectoeducativo.pdf\" target=\"_blank\">\n\t\t\t\t\t\t<span class=\"elementor-button-content-wrapper\">\n\t\t\t\t\t\t<span class=\"elementor-button-icon\">\n\t\t\t\t<svg aria-hidden=\"true\" class=\"e-font-icon-svg e-far-file-pdf\" viewBox=\"0 0 384 512\" xmlns=\"http:\/\/www.w3.org\/2000\/svg\"><path d=\"M369.9 97.9L286 14C277 5 264.8-.1 252.1-.1H48C21.5 0 0 21.5 0 48v416c0 26.5 21.5 48 48 48h288c26.5 0 48-21.5 48-48V131.9c0-12.7-5.1-25-14.1-34zM332.1 128H256V51.9l76.1 76.1zM48 464V48h160v104c0 13.3 10.7 24 24 24h104v288H48zm250.2-143.7c-12.2-12-47-8.7-64.4-6.5-17.2-10.5-28.7-25-36.8-46.3 3.9-16.1 10.1-40.6 5.4-56-4.2-26.2-37.8-23.6-42.6-5.9-4.4 16.1-.4 38.5 7 67.1-10 23.9-24.9 56-35.4 74.4-20 10.3-47 26.2-51 46.2-3.3 15.8 26 55.2 76.1-31.2 22.4-7.4 46.8-16.5 68.4-20.1 18.9 10.2 41 17 55.8 17 25.5 0 28-28.2 17.5-38.7zm-198.1 77.8c5.1-13.7 24.5-29.5 30.4-35-19 30.3-30.4 35.7-30.4 35zm81.6-190.6c7.4 0 6.7 32.1 1.8 40.8-4.4-13.9-4.3-40.8-1.8-40.8zm-24.4 136.6c9.7-16.9 18-37 24.7-54.7 8.3 15.1 18.9 27.2 30.1 35.5-20.8 4.3-38.9 13.1-54.8 19.2zm131.6-5s-5 6-37.3-7.8c35.1-2.6 40.9 5.4 37.3 7.8z\"><\/path><\/svg>\t\t\t<\/span>\n\t\t\t\t\t\t\t\t\t<span class=\"elementor-button-text\">Seguir leyendo<\/span>\n\t\t\t\t\t<\/span>\n\t\t\t\t\t<\/a>\n\t\t\t\t<\/div>\n\t\t\t\t\t\t\t\t<\/div>\n\t\t\t\t<\/div>\n\t\t\t\t<\/div>\n\t\t\t\t\t<\/div>\n\t\t\t\t<\/div>\n\t\t<div class=\"elementor-element elementor-element-2effaf9 e-flex e-con-boxed e-con e-parent\" data-id=\"2effaf9\" data-element_type=\"container\">\n\t\t\t\t\t<div class=\"e-con-inner\">\n\t\t\t\t<div class=\"elementor-element elementor-element-2b68349 elementor-widget-divider--separator-type-pattern elementor-widget-divider--no-spacing elementor-widget-divider--view-line elementor-widget elementor-widget-divider\" data-id=\"2b68349\" data-element_type=\"widget\" data-widget_type=\"divider.default\">\n\t\t\t\t<div class=\"elementor-widget-container\">\n\t\t\t\t\t\t\t<div class=\"elementor-divider\" style=\"--divider-pattern-url: url(&quot;data:image\/svg+xml,%3Csvg xmlns=&#039;http:\/\/www.w3.org\/2000\/svg&#039; preserveAspectRatio=&#039;xMidYMid meet&#039; overflow=&#039;visible&#039; height=&#039;100%&#039; viewBox=&#039;0 0 126 26&#039; fill=&#039;black&#039; stroke=&#039;none&#039;%3E%3Cpath d=&#039;M3,10.2c2.6,0,2.6,2,2.6,3.2S4.4,16.5,3,16.5s-3-1.4-3-3.2S0.4,10.2,3,10.2z M18.8,10.2c1.7,0,3.2,1.4,3.2,3.2s-1.4,3.2-3.2,3.2c-1.7,0-3.2-1.4-3.2-3.2S17,10.2,18.8,10.2z M34.6,10.2c1.5,0,2.6,1.4,2.6,3.2s-0.5,3.2-1.9,3.2c-1.5,0-3.4-1.4-3.4-3.2S33.1,10.2,34.6,10.2z M50.5,10.2c1.7,0,3.2,1.4,3.2,3.2s-1.4,3.2-3.2,3.2c-1.7,0-3.3-0.9-3.3-2.6S48.7,10.2,50.5,10.2z M66.2,10.2c1.5,0,3.4,1.4,3.4,3.2s-1.9,3.2-3.4,3.2c-1.5,0-2.6-0.4-2.6-2.1S64.8,10.2,66.2,10.2z M82.2,10.2c1.7,0.8,2.6,1.4,2.6,3.2s-0.1,3.2-1.6,3.2c-1.5,0-3.7-1.4-3.7-3.2S80.5,9.4,82.2,10.2zM98.6,10.2c1.5,0,2.6,0.4,2.6,2.1s-1.2,4.2-2.6,4.2c-1.5,0-3.7-0.4-3.7-2.1S97.1,10.2,98.6,10.2z M113.4,10.2c1.2,0,2.2,0.9,2.2,3.2s-0.1,3.2-1.3,3.2s-3.1-1.4-3.1-3.2S112.2,10.2,113.4,10.2z&#039;\/%3E%3C\/svg%3E&quot;);\">\n\t\t\t<span class=\"elementor-divider-separator\">\n\t\t\t\t\t\t<\/span>\n\t\t<\/div>\n\t\t\t\t\t\t<\/div>\n\t\t\t\t<\/div>\n\t\t\t\t\t<\/div>\n\t\t\t\t<\/div>\n\t\t<div class=\"elementor-element elementor-element-36095b9 e-flex e-con-boxed e-con e-parent\" data-id=\"36095b9\" data-element_type=\"container\">\n\t\t\t\t\t<div class=\"e-con-inner\">\n\t\t<div class=\"elementor-element elementor-element-cae46c9 e-con-full e-flex e-con e-child\" data-id=\"cae46c9\" data-element_type=\"container\">\n\t\t\t\t<div class=\"elementor-element elementor-element-bd57b6c elementor-widget elementor-widget-heading\" data-id=\"bd57b6c\" data-element_type=\"widget\" data-widget_type=\"heading.default\">\n\t\t\t\t<div class=\"elementor-widget-container\">\n\t\t\t\t\t<h2 class=\"elementor-heading-title elementor-size-default\">Misi\u00f3n<\/h2>\t\t\t\t<\/div>\n\t\t\t\t<\/div>\n\t\t\t\t<div class=\"elementor-element elementor-element-50252fd elementor-widget elementor-widget-text-editor\" data-id=\"50252fd\" data-element_type=\"widget\" data-widget_type=\"text-editor.default\">\n\t\t\t\t<div class=\"elementor-widget-container\">\n\t\t\t\t\t\t\t\t\t<p>Brindar una educaci\u00f3n integral con valores humanistas y dem\u00f3cratas. Practicar relaciones sanas, afectuosas y respetuosas entre los miembros de la comunidad educativa. Respetar la identidad cultural, fomentar una actitud democr\u00e1tica y cr\u00edtica de nuestra sociedad.<\/p>\t\t\t\t\t\t\t\t<\/div>\n\t\t\t\t<\/div>\n\t\t\t\t<div class=\"elementor-element elementor-element-845a6c0 elementor-widget elementor-widget-image\" data-id=\"845a6c0\" data-element_type=\"widget\" data-widget_type=\"image.default\">\n\t\t\t\t<div class=\"elementor-widget-container\">\n\t\t\t\t\t\t\t\t\t\t\t\t\t\t\t<img decoding=\"async\" width=\"800\" height=\"450\" src=\"https:\/\/colegiorubendario.cl\/wp-content\/uploads\/2024\/04\/almacigos-1024x576.jpg\" class=\"attachment-large size-large wp-image-1286\" alt=\"\" srcset=\"https:\/\/colegiorubendario.cl\/wp-content\/uploads\/2024\/04\/almacigos-1024x576.jpg 1024w, https:\/\/colegiorubendario.cl\/wp-content\/uploads\/2024\/04\/almacigos-300x169.jpg 300w, https:\/\/colegiorubendario.cl\/wp-content\/uploads\/2024\/04\/almacigos-768x432.jpg 768w, https:\/\/colegiorubendario.cl\/wp-content\/uploads\/2024\/04\/almacigos-1536x864.jpg 1536w, https:\/\/colegiorubendario.cl\/wp-content\/uploads\/2024\/04\/almacigos.jpg 1920w\" sizes=\"(max-width: 800px) 100vw, 800px\" \/>\t\t\t\t\t\t\t\t\t\t\t\t\t\t\t<\/div>\n\t\t\t\t<\/div>\n\t\t\t\t<\/div>\n\t\t<div class=\"elementor-element elementor-element-c39a8a4 e-con-full e-flex e-con e-child\" data-id=\"c39a8a4\" data-element_type=\"container\">\n\t\t\t\t<div class=\"elementor-element elementor-element-8fbb373 elementor-widget elementor-widget-heading\" data-id=\"8fbb373\" data-element_type=\"widget\" data-widget_type=\"heading.default\">\n\t\t\t\t<div class=\"elementor-widget-container\">\n\t\t\t\t\t<h2 class=\"elementor-heading-title elementor-size-default\">Visi\u00f3n<\/h2>\t\t\t\t<\/div>\n\t\t\t\t<\/div>\n\t\t\t\t<div class=\"elementor-element elementor-element-40be8bb elementor-widget elementor-widget-image\" data-id=\"40be8bb\" data-element_type=\"widget\" data-widget_type=\"image.default\">\n\t\t\t\t<div class=\"elementor-widget-container\">\n\t\t\t\t\t\t\t\t\t\t\t\t\t\t\t<img loading=\"lazy\" decoding=\"async\" width=\"800\" height=\"450\" src=\"https:\/\/colegiorubendario.cl\/wp-content\/uploads\/2024\/04\/8m1-1024x576.jpg\" class=\"attachment-large size-large wp-image-1290\" alt=\"\" srcset=\"https:\/\/colegiorubendario.cl\/wp-content\/uploads\/2024\/04\/8m1-1024x576.jpg 1024w, https:\/\/colegiorubendario.cl\/wp-content\/uploads\/2024\/04\/8m1-300x169.jpg 300w, https:\/\/colegiorubendario.cl\/wp-content\/uploads\/2024\/04\/8m1-768x432.jpg 768w, https:\/\/colegiorubendario.cl\/wp-content\/uploads\/2024\/04\/8m1-1536x864.jpg 1536w, https:\/\/colegiorubendario.cl\/wp-content\/uploads\/2024\/04\/8m1.jpg 1920w\" sizes=\"(max-width: 800px) 100vw, 800px\" \/>\t\t\t\t\t\t\t\t\t\t\t\t\t\t\t<\/div>\n\t\t\t\t<\/div>\n\t\t\t\t<div class=\"elementor-element elementor-element-8f97acb elementor-widget elementor-widget-text-editor\" data-id=\"8f97acb\" data-element_type=\"widget\" data-widget_type=\"text-editor.default\">\n\t\t\t\t<div class=\"elementor-widget-container\">\n\t\t\t\t\t\t\t\t\t<p>\u2022 Una propuesta educativa basada en la cooperaci\u00f3n mutua.<br \/>\u2022 Estimula la autodisciplina<br \/>\u2022 Fomentar un clima institucional en armon\u00eda y buenas relaciones humanas en los distintos estamentos.<br \/>\u2022 Promueve la igualdad de genero<br \/>\u2022 Incorpora la innovaci\u00f3n pedag\u00f3gica y tecnol\u00f3gica<br \/>\u2022 Comprometida con el cambio<br \/>\u2022 Brinda un espacio f\u00edsico que invite a aprender experimentando que facilite la independencia.<br \/>\u2022 Mantener un constante espacio de reflexi\u00f3n<\/p>\t\t\t\t\t\t\t\t<\/div>\n\t\t\t\t<\/div>\n\t\t\t\t<\/div>\n\t\t\t\t\t<\/div>\n\t\t\t\t<\/div>\n\t\t<div class=\"elementor-element elementor-element-deedcbe e-flex e-con-boxed e-con e-parent\" data-id=\"deedcbe\" data-element_type=\"container\">\n\t\t\t\t\t<div class=\"e-con-inner\">\n\t\t\t\t\t<\/div>\n\t\t\t\t<\/div>\n\t\t\t\t<\/div>\n\t\t","protected":false},"excerpt":{"rendered":"<p>Nosotros Nuestro colegio fue fundado en el a\u00f1o 1980, los fundadores(as) hab\u00edamos trabajado desde 1976, en una actividad recreativa con hijos, hijas de detenidos(as) desaparecidos(as). Nuestro objetivo era abrir un espacio de libertad, de afectividad , de protecci\u00f3n. Los objetivos planteados en esa \u00e9poca siguen muy vigentes en nuestro trabajo de hoy. Hemos ido construyendo [&hellip;]<\/p>\n","protected":false},"author":1,"featured_media":93,"parent":0,"menu_order":0,"comment_status":"closed","ping_status":"closed","template":"","meta":{"_acf_changed":false,"footnotes":""},"class_list":["post-170","page","type-page","status-publish","has-post-thumbnail","hentry"],"acf":[],"_links":{"self":[{"href":"https:\/\/colegiorubendario.cl\/index.php\/wp-json\/wp\/v2\/pages\/170","targetHints":{"allow":["GET"]}}],"collection":[{"href":"https:\/\/colegiorubendario.cl\/index.php\/wp-json\/wp\/v2\/pages"}],"about":[{"href":"https:\/\/colegiorubendario.cl\/index.php\/wp-json\/wp\/v2\/types\/page"}],"author":[{"embeddable":true,"href":"https:\/\/colegiorubendario.cl\/index.php\/wp-json\/wp\/v2\/users\/1"}],"replies":[{"embeddable":true,"href":"https:\/\/colegiorubendario.cl\/index.php\/wp-json\/wp\/v2\/comments?post=170"}],"version-history":[{"count":139,"href":"https:\/\/colegiorubendario.cl\/index.php\/wp-json\/wp\/v2\/pages\/170\/revisions"}],"predecessor-version":[{"id":4356,"href":"https:\/\/colegiorubendario.cl\/index.php\/wp-json\/wp\/v2\/pages\/170\/revisions\/4356"}],"wp:featuredmedia":[{"embeddable":true,"href":"https:\/\/colegiorubendario.cl\/index.php\/wp-json\/wp\/v2\/media\/93"}],"wp:attachment":[{"href":"https:\/\/colegiorubendario.cl\/index.php\/wp-json\/wp\/v2\/media?parent=170"}],"curies":[{"name":"wp","href":"https:\/\/api.w.org\/{rel}","templated":true}]}}