{"id":2175,"date":"2024-05-17T21:43:29","date_gmt":"2024-05-17T21:43:29","guid":{"rendered":"http:\/\/colegiorubendario.cl\/?page_id=2175"},"modified":"2024-05-20T21:14:35","modified_gmt":"2024-05-21T01:14:35","slug":"noticias","status":"publish","type":"page","link":"https:\/\/colegiorubendario.cl\/index.php\/noticias\/","title":{"rendered":"Noticias"},"content":{"rendered":"\t\t<div data-elementor-type=\"wp-page\" data-elementor-id=\"2175\" class=\"elementor elementor-2175\" data-elementor-post-type=\"page\">\n\t\t\t\t<div class=\"elementor-element elementor-element-9ac1d20 e-flex e-con-boxed e-con e-parent\" data-id=\"9ac1d20\" data-element_type=\"container\" data-settings=\"{&quot;background_background&quot;:&quot;classic&quot;}\">\n\t\t\t\t\t<div class=\"e-con-inner\">\n\t\t<div class=\"elementor-element elementor-element-e956d16 e-con-full e-flex e-con e-child\" data-id=\"e956d16\" data-element_type=\"container\" data-settings=\"{&quot;background_background&quot;:&quot;classic&quot;}\">\n\t\t\t\t<div class=\"elementor-element elementor-element-9fdda87 elementor-widget elementor-widget-image\" data-id=\"9fdda87\" data-element_type=\"widget\" data-widget_type=\"image.default\">\n\t\t\t\t<div class=\"elementor-widget-container\">\n\t\t\t\t\t\t\t\t\t\t\t\t\t\t\t<img decoding=\"async\" width=\"150\" height=\"150\" src=\"https:\/\/colegiorubendario.cl\/wp-content\/uploads\/2024\/03\/noticias-150x150.png\" class=\"attachment-thumbnail size-thumbnail wp-image-125\" alt=\"\" srcset=\"https:\/\/colegiorubendario.cl\/wp-content\/uploads\/2024\/03\/noticias-150x150.png 150w, https:\/\/colegiorubendario.cl\/wp-content\/uploads\/2024\/03\/noticias.png 251w\" sizes=\"(max-width: 150px) 100vw, 150px\" \/>\t\t\t\t\t\t\t\t\t\t\t\t\t\t\t<\/div>\n\t\t\t\t<\/div>\n\t\t\t\t<\/div>\n\t\t<div class=\"elementor-element elementor-element-2b7c42b e-con-full e-flex e-con e-child\" data-id=\"2b7c42b\" data-element_type=\"container\">\n\t\t\t\t<div class=\"elementor-element elementor-element-3655fa7 elementor-widget elementor-widget-heading\" data-id=\"3655fa7\" data-element_type=\"widget\" data-widget_type=\"heading.default\">\n\t\t\t\t<div class=\"elementor-widget-container\">\n\t\t\t\t\t<h1 class=\"elementor-heading-title elementor-size-default\">Noticias<\/h1>\t\t\t\t<\/div>\n\t\t\t\t<\/div>\n\t\t\t\t<\/div>\n\t\t\t\t\t<\/div>\n\t\t\t\t<\/div>\n\t\t<div class=\"elementor-element elementor-element-2435c90 e-flex e-con-boxed e-con e-parent\" data-id=\"2435c90\" data-element_type=\"container\">\n\t\t\t\t\t<div class=\"e-con-inner\">\n\t\t\t\t<div class=\"elementor-element elementor-element-ebdcb5c elementor-widget elementor-widget-text-editor\" data-id=\"ebdcb5c\" data-element_type=\"widget\" data-widget_type=\"text-editor.default\">\n\t\t\t\t<div class=\"elementor-widget-container\">\n\t\t\t\t\t\t\t\t\t<h2>Noticias al d\u00eda<\/h2><p>Para mantenerse informado de todo el acontecer de tu colegio<\/p>\t\t\t\t\t\t\t\t<\/div>\n\t\t\t\t<\/div>\n\t\t\t\t\t<\/div>\n\t\t\t\t<\/div>\n\t\t<div class=\"elementor-element elementor-element-9d342b0 e-flex e-con-boxed e-con e-parent\" data-id=\"9d342b0\" data-element_type=\"container\">\n\t\t\t\t\t<div class=\"e-con-inner\">\n\t\t\t\t<div class=\"elementor-element elementor-element-4bebeb1 elementor-grid-3 elementor-grid-tablet-2 elementor-grid-mobile-1 elementor-posts--thumbnail-top elementor-widget elementor-widget-posts\" data-id=\"4bebeb1\" data-element_type=\"widget\" data-settings=\"{&quot;pagination_type&quot;:&quot;numbers&quot;,&quot;classic_columns&quot;:&quot;3&quot;,&quot;classic_columns_tablet&quot;:&quot;2&quot;,&quot;classic_columns_mobile&quot;:&quot;1&quot;,&quot;classic_row_gap&quot;:{&quot;unit&quot;:&quot;px&quot;,&quot;size&quot;:35,&quot;sizes&quot;:[]},&quot;classic_row_gap_tablet&quot;:{&quot;unit&quot;:&quot;px&quot;,&quot;size&quot;:&quot;&quot;,&quot;sizes&quot;:[]},&quot;classic_row_gap_mobile&quot;:{&quot;unit&quot;:&quot;px&quot;,&quot;size&quot;:&quot;&quot;,&quot;sizes&quot;:[]}}\" data-widget_type=\"posts.classic\">\n\t\t\t\t<div class=\"elementor-widget-container\">\n\t\t\t\t\t\t\t<div class=\"elementor-posts-container elementor-posts elementor-posts--skin-classic elementor-grid\">\n\t\t\t\t<article class=\"elementor-post elementor-grid-item post-3705 noticias type-noticias status-publish has-post-thumbnail hentry\">\n\t\t\t\t<a class=\"elementor-post__thumbnail__link\" href=\"https:\/\/colegiorubendario.cl\/index.php\/noticias\/visita-compania-raiz-corporal-en-colegio-ruben-dario-la-reina-copy\/\" tabindex=\"-1\" >\n\t\t\t<div class=\"elementor-post__thumbnail\"><img fetchpriority=\"high\" decoding=\"async\" width=\"300\" height=\"225\" src=\"https:\/\/colegiorubendario.cl\/wp-content\/uploads\/2025\/10\/5crdlr-300x225.jpg\" class=\"attachment-medium size-medium wp-image-3710\" alt=\"\" srcset=\"https:\/\/colegiorubendario.cl\/wp-content\/uploads\/2025\/10\/5crdlr-300x225.jpg 300w, https:\/\/colegiorubendario.cl\/wp-content\/uploads\/2025\/10\/5crdlr-1024x768.jpg 1024w, https:\/\/colegiorubendario.cl\/wp-content\/uploads\/2025\/10\/5crdlr-768x576.jpg 768w, https:\/\/colegiorubendario.cl\/wp-content\/uploads\/2025\/10\/5crdlr-1536x1152.jpg 1536w, https:\/\/colegiorubendario.cl\/wp-content\/uploads\/2025\/10\/5crdlr.jpg 1920w\" sizes=\"(max-width: 300px) 100vw, 300px\" \/><\/div>\n\t\t<\/a>\n\t\t\t\t<div class=\"elementor-post__text\">\n\t\t\t\t<h3 class=\"elementor-post__title\">\n\t\t\t<a href=\"https:\/\/colegiorubendario.cl\/index.php\/noticias\/visita-compania-raiz-corporal-en-colegio-ruben-dario-la-reina-copy\/\" >\n\t\t\t\tFeria de la Matem\u00e1tica &#8211; Colegio Rub\u00e9n Dar\u00edo &#8211; La Reina\t\t\t<\/a>\n\t\t<\/h3>\n\t\t\t\t<div class=\"elementor-post__meta-data\">\n\t\t\t\t\t<span class=\"elementor-post-date\">\n\t\t\tOctubre 4, 2025\t\t<\/span>\n\t\t\t\t<\/div>\n\t\t\n\t\t<a class=\"elementor-post__read-more\" href=\"https:\/\/colegiorubendario.cl\/index.php\/noticias\/visita-compania-raiz-corporal-en-colegio-ruben-dario-la-reina-copy\/\" aria-label=\"Read more about Feria de la Matem\u00e1tica &#8211; Colegio Rub\u00e9n Dar\u00edo &#8211; La Reina\" tabindex=\"-1\" >\n\t\t\tVer m\u00e1s \u00bb\t\t<\/a>\n\n\t\t\t\t<\/div>\n\t\t\t\t<\/article>\n\t\t\t\t<article class=\"elementor-post elementor-grid-item post-3674 noticias type-noticias status-publish has-post-thumbnail hentry\">\n\t\t\t\t<a class=\"elementor-post__thumbnail__link\" href=\"https:\/\/colegiorubendario.cl\/index.php\/noticias\/visita-compania-raiz-corporal-en-colegio-ruben-dario-la-reina\/\" tabindex=\"-1\" >\n\t\t\t<div class=\"elementor-post__thumbnail\"><img decoding=\"async\" width=\"300\" height=\"200\" src=\"https:\/\/colegiorubendario.cl\/wp-content\/uploads\/2025\/10\/5811-300x200.jpg\" class=\"attachment-medium size-medium wp-image-3676\" alt=\"\" srcset=\"https:\/\/colegiorubendario.cl\/wp-content\/uploads\/2025\/10\/5811-300x200.jpg 300w, https:\/\/colegiorubendario.cl\/wp-content\/uploads\/2025\/10\/5811-1024x683.jpg 1024w, https:\/\/colegiorubendario.cl\/wp-content\/uploads\/2025\/10\/5811-768x512.jpg 768w, https:\/\/colegiorubendario.cl\/wp-content\/uploads\/2025\/10\/5811-1536x1024.jpg 1536w, https:\/\/colegiorubendario.cl\/wp-content\/uploads\/2025\/10\/5811.jpg 1920w\" sizes=\"(max-width: 300px) 100vw, 300px\" \/><\/div>\n\t\t<\/a>\n\t\t\t\t<div class=\"elementor-post__text\">\n\t\t\t\t<h3 class=\"elementor-post__title\">\n\t\t\t<a href=\"https:\/\/colegiorubendario.cl\/index.php\/noticias\/visita-compania-raiz-corporal-en-colegio-ruben-dario-la-reina\/\" >\n\t\t\t\tVisita Compa\u00f1\u00eda Ra\u00edz Corporal en Colegio Rub\u00e9n Dar\u00edo &#8211; La Reina\t\t\t<\/a>\n\t\t<\/h3>\n\t\t\t\t<div class=\"elementor-post__meta-data\">\n\t\t\t\t\t<span class=\"elementor-post-date\">\n\t\t\tOctubre 4, 2025\t\t<\/span>\n\t\t\t\t<\/div>\n\t\t\n\t\t<a class=\"elementor-post__read-more\" href=\"https:\/\/colegiorubendario.cl\/index.php\/noticias\/visita-compania-raiz-corporal-en-colegio-ruben-dario-la-reina\/\" aria-label=\"Read more about Visita Compa\u00f1\u00eda Ra\u00edz Corporal en Colegio Rub\u00e9n Dar\u00edo &#8211; La Reina\" tabindex=\"-1\" >\n\t\t\tVer m\u00e1s \u00bb\t\t<\/a>\n\n\t\t\t\t<\/div>\n\t\t\t\t<\/article>\n\t\t\t\t<article class=\"elementor-post elementor-grid-item post-3622 noticias type-noticias status-publish has-post-thumbnail hentry\">\n\t\t\t\t<a class=\"elementor-post__thumbnail__link\" href=\"https:\/\/colegiorubendario.cl\/index.php\/noticias\/coro-que-chorus-y-orquesta-tamen-en-colegio-ruben-dario-la-reina\/\" tabindex=\"-1\" >\n\t\t\t<div class=\"elementor-post__thumbnail\"><img loading=\"lazy\" decoding=\"async\" width=\"300\" height=\"200\" src=\"https:\/\/colegiorubendario.cl\/wp-content\/uploads\/2025\/10\/5531-300x200.jpg\" class=\"attachment-medium size-medium wp-image-3631\" alt=\"\" srcset=\"https:\/\/colegiorubendario.cl\/wp-content\/uploads\/2025\/10\/5531-300x200.jpg 300w, https:\/\/colegiorubendario.cl\/wp-content\/uploads\/2025\/10\/5531-1024x683.jpg 1024w, https:\/\/colegiorubendario.cl\/wp-content\/uploads\/2025\/10\/5531-768x512.jpg 768w, https:\/\/colegiorubendario.cl\/wp-content\/uploads\/2025\/10\/5531-1536x1024.jpg 1536w, https:\/\/colegiorubendario.cl\/wp-content\/uploads\/2025\/10\/5531.jpg 1920w\" sizes=\"(max-width: 300px) 100vw, 300px\" \/><\/div>\n\t\t<\/a>\n\t\t\t\t<div class=\"elementor-post__text\">\n\t\t\t\t<h3 class=\"elementor-post__title\">\n\t\t\t<a href=\"https:\/\/colegiorubendario.cl\/index.php\/noticias\/coro-que-chorus-y-orquesta-tamen-en-colegio-ruben-dario-la-reina\/\" >\n\t\t\t\tCoro &#8220;Que Chorus&#8221; y Orquesta &#8220;Tamen&#8221; en Colegio Rub\u00e9n Dar\u00edo &#8211; La Reina\t\t\t<\/a>\n\t\t<\/h3>\n\t\t\t\t<div class=\"elementor-post__meta-data\">\n\t\t\t\t\t<span class=\"elementor-post-date\">\n\t\t\tOctubre 4, 2025\t\t<\/span>\n\t\t\t\t<\/div>\n\t\t\n\t\t<a class=\"elementor-post__read-more\" href=\"https:\/\/colegiorubendario.cl\/index.php\/noticias\/coro-que-chorus-y-orquesta-tamen-en-colegio-ruben-dario-la-reina\/\" aria-label=\"Read more about Coro &#8220;Que Chorus&#8221; y Orquesta &#8220;Tamen&#8221; en Colegio Rub\u00e9n Dar\u00edo &#8211; La Reina\" tabindex=\"-1\" >\n\t\t\tVer m\u00e1s \u00bb\t\t<\/a>\n\n\t\t\t\t<\/div>\n\t\t\t\t<\/article>\n\t\t\t\t<article class=\"elementor-post elementor-grid-item post-3567 noticias type-noticias status-publish has-post-thumbnail hentry\">\n\t\t\t\t<a class=\"elementor-post__thumbnail__link\" href=\"https:\/\/colegiorubendario.cl\/index.php\/noticias\/fiesta-de-la-chilenidad-copy\/\" tabindex=\"-1\" >\n\t\t\t<div class=\"elementor-post__thumbnail\"><img loading=\"lazy\" decoding=\"async\" width=\"300\" height=\"200\" src=\"https:\/\/colegiorubendario.cl\/wp-content\/uploads\/2025\/10\/5703-300x200.jpg\" class=\"attachment-medium size-medium wp-image-3608\" alt=\"\" srcset=\"https:\/\/colegiorubendario.cl\/wp-content\/uploads\/2025\/10\/5703-300x200.jpg 300w, https:\/\/colegiorubendario.cl\/wp-content\/uploads\/2025\/10\/5703-1024x683.jpg 1024w, https:\/\/colegiorubendario.cl\/wp-content\/uploads\/2025\/10\/5703-768x512.jpg 768w, https:\/\/colegiorubendario.cl\/wp-content\/uploads\/2025\/10\/5703-1536x1024.jpg 1536w, https:\/\/colegiorubendario.cl\/wp-content\/uploads\/2025\/10\/5703.jpg 1920w\" sizes=\"(max-width: 300px) 100vw, 300px\" \/><\/div>\n\t\t<\/a>\n\t\t\t\t<div class=\"elementor-post__text\">\n\t\t\t\t<h3 class=\"elementor-post__title\">\n\t\t\t<a href=\"https:\/\/colegiorubendario.cl\/index.php\/noticias\/fiesta-de-la-chilenidad-copy\/\" >\n\t\t\t\tFiesta de la Chilenidad con toda la magia del circo\t\t\t<\/a>\n\t\t<\/h3>\n\t\t\t\t<div class=\"elementor-post__meta-data\">\n\t\t\t\t\t<span class=\"elementor-post-date\">\n\t\t\tOctubre 4, 2025\t\t<\/span>\n\t\t\t\t<\/div>\n\t\t\n\t\t<a class=\"elementor-post__read-more\" href=\"https:\/\/colegiorubendario.cl\/index.php\/noticias\/fiesta-de-la-chilenidad-copy\/\" aria-label=\"Read more about Fiesta de la Chilenidad con toda la magia del circo\" tabindex=\"-1\" >\n\t\t\tVer m\u00e1s \u00bb\t\t<\/a>\n\n\t\t\t\t<\/div>\n\t\t\t\t<\/article>\n\t\t\t\t<article class=\"elementor-post elementor-grid-item post-2871 noticias type-noticias status-publish has-post-thumbnail hentry\">\n\t\t\t\t<a class=\"elementor-post__thumbnail__link\" href=\"https:\/\/colegiorubendario.cl\/index.php\/noticias\/fiesta-de-la-chilenidad\/\" tabindex=\"-1\" >\n\t\t\t<div class=\"elementor-post__thumbnail\"><img loading=\"lazy\" decoding=\"async\" width=\"300\" height=\"169\" src=\"https:\/\/colegiorubendario.cl\/wp-content\/uploads\/2024\/09\/fiestadelachilenidad-300x169.jpg\" class=\"attachment-medium size-medium wp-image-2878\" alt=\"\" srcset=\"https:\/\/colegiorubendario.cl\/wp-content\/uploads\/2024\/09\/fiestadelachilenidad-300x169.jpg 300w, https:\/\/colegiorubendario.cl\/wp-content\/uploads\/2024\/09\/fiestadelachilenidad-1024x576.jpg 1024w, https:\/\/colegiorubendario.cl\/wp-content\/uploads\/2024\/09\/fiestadelachilenidad-768x432.jpg 768w, https:\/\/colegiorubendario.cl\/wp-content\/uploads\/2024\/09\/fiestadelachilenidad-1536x864.jpg 1536w, https:\/\/colegiorubendario.cl\/wp-content\/uploads\/2024\/09\/fiestadelachilenidad.jpg 1920w\" sizes=\"(max-width: 300px) 100vw, 300px\" \/><\/div>\n\t\t<\/a>\n\t\t\t\t<div class=\"elementor-post__text\">\n\t\t\t\t<h3 class=\"elementor-post__title\">\n\t\t\t<a href=\"https:\/\/colegiorubendario.cl\/index.php\/noticias\/fiesta-de-la-chilenidad\/\" >\n\t\t\t\tFiesta de la Chilenidad\t\t\t<\/a>\n\t\t<\/h3>\n\t\t\t\t<div class=\"elementor-post__meta-data\">\n\t\t\t\t\t<span class=\"elementor-post-date\">\n\t\t\tSeptiembre 9, 2024\t\t<\/span>\n\t\t\t\t<\/div>\n\t\t\n\t\t<a class=\"elementor-post__read-more\" href=\"https:\/\/colegiorubendario.cl\/index.php\/noticias\/fiesta-de-la-chilenidad\/\" aria-label=\"Read more about Fiesta de la Chilenidad\" tabindex=\"-1\" >\n\t\t\tVer m\u00e1s \u00bb\t\t<\/a>\n\n\t\t\t\t<\/div>\n\t\t\t\t<\/article>\n\t\t\t\t<article class=\"elementor-post elementor-grid-item post-2724 noticias type-noticias status-publish has-post-thumbnail hentry\">\n\t\t\t\t<a class=\"elementor-post__thumbnail__link\" href=\"https:\/\/colegiorubendario.cl\/index.php\/noticias\/visita-museo-nacional-de-historia-natural-de-chile\/\" tabindex=\"-1\" >\n\t\t\t<div class=\"elementor-post__thumbnail\"><img loading=\"lazy\" decoding=\"async\" width=\"300\" height=\"225\" src=\"https:\/\/colegiorubendario.cl\/wp-content\/uploads\/2024\/05\/museoportada1-300x225.jpeg\" class=\"attachment-medium size-medium wp-image-2729\" alt=\"\" srcset=\"https:\/\/colegiorubendario.cl\/wp-content\/uploads\/2024\/05\/museoportada1-300x225.jpeg 300w, https:\/\/colegiorubendario.cl\/wp-content\/uploads\/2024\/05\/museoportada1-1024x768.jpeg 1024w, https:\/\/colegiorubendario.cl\/wp-content\/uploads\/2024\/05\/museoportada1-768x576.jpeg 768w, https:\/\/colegiorubendario.cl\/wp-content\/uploads\/2024\/05\/museoportada1.jpeg 1280w\" sizes=\"(max-width: 300px) 100vw, 300px\" \/><\/div>\n\t\t<\/a>\n\t\t\t\t<div class=\"elementor-post__text\">\n\t\t\t\t<h3 class=\"elementor-post__title\">\n\t\t\t<a href=\"https:\/\/colegiorubendario.cl\/index.php\/noticias\/visita-museo-nacional-de-historia-natural-de-chile\/\" >\n\t\t\t\tVisita Museo Nacional de Historia natural de Chile\t\t\t<\/a>\n\t\t<\/h3>\n\t\t\t\t<div class=\"elementor-post__meta-data\">\n\t\t\t\t\t<span class=\"elementor-post-date\">\n\t\t\tMayo 24, 2024\t\t<\/span>\n\t\t\t\t<\/div>\n\t\t\n\t\t<a class=\"elementor-post__read-more\" href=\"https:\/\/colegiorubendario.cl\/index.php\/noticias\/visita-museo-nacional-de-historia-natural-de-chile\/\" aria-label=\"Read more about Visita Museo Nacional de Historia natural de Chile\" tabindex=\"-1\" >\n\t\t\tVer m\u00e1s \u00bb\t\t<\/a>\n\n\t\t\t\t<\/div>\n\t\t\t\t<\/article>\n\t\t\t\t<\/div>\n\t\t\n\t\t\t\t<div class=\"e-load-more-anchor\" data-page=\"1\" data-max-page=\"3\" data-next-page=\"https:\/\/colegiorubendario.cl\/?e-page-4bebeb1=2\"><\/div>\n\t\t\t\t<nav class=\"elementor-pagination\" aria-label=\"Pagination\">\n\t\t\t<span aria-current=\"page\" class=\"page-numbers current\"><span class=\"elementor-screen-only\">Page<\/span>1<\/span>\n<a class=\"page-numbers\" href=\"https:\/\/colegiorubendario.cl\/index.php\/wp-json\/wp\/v2\/pages\/2175\/?e-page-4bebeb1=2\"><span class=\"elementor-screen-only\">Page<\/span>2<\/a>\n<a class=\"page-numbers\" href=\"https:\/\/colegiorubendario.cl\/index.php\/wp-json\/wp\/v2\/pages\/2175\/?e-page-4bebeb1=3\"><span class=\"elementor-screen-only\">Page<\/span>3<\/a>\t\t<\/nav>\n\t\t\t\t\t\t<\/div>\n\t\t\t\t<\/div>\n\t\t\t\t\t<\/div>\n\t\t\t\t<\/div>\n\t\t\t\t<\/div>\n\t\t","protected":false},"excerpt":{"rendered":"<p>Noticias Noticias al d\u00eda Para mantenerse informado de todo el acontecer de tu colegio<\/p>\n","protected":false},"author":1,"featured_media":0,"parent":0,"menu_order":0,"comment_status":"closed","ping_status":"closed","template":"","meta":{"_acf_changed":false,"footnotes":""},"class_list":["post-2175","page","type-page","status-publish","hentry"],"acf":[],"_links":{"self":[{"href":"https:\/\/colegiorubendario.cl\/index.php\/wp-json\/wp\/v2\/pages\/2175","targetHints":{"allow":["GET"]}}],"collection":[{"href":"https:\/\/colegiorubendario.cl\/index.php\/wp-json\/wp\/v2\/pages"}],"about":[{"href":"https:\/\/colegiorubendario.cl\/index.php\/wp-json\/wp\/v2\/types\/page"}],"author":[{"embeddable":true,"href":"https:\/\/colegiorubendario.cl\/index.php\/wp-json\/wp\/v2\/users\/1"}],"replies":[{"embeddable":true,"href":"https:\/\/colegiorubendario.cl\/index.php\/wp-json\/wp\/v2\/comments?post=2175"}],"version-history":[{"count":26,"href":"https:\/\/colegiorubendario.cl\/index.php\/wp-json\/wp\/v2\/pages\/2175\/revisions"}],"predecessor-version":[{"id":3566,"href":"https:\/\/colegiorubendario.cl\/index.php\/wp-json\/wp\/v2\/pages\/2175\/revisions\/3566"}],"wp:attachment":[{"href":"https:\/\/colegiorubendario.cl\/index.php\/wp-json\/wp\/v2\/media?parent=2175"}],"curies":[{"name":"wp","href":"https:\/\/api.w.org\/{rel}","templated":true}]}}